{"id":21,"date":"2021-08-30T09:25:41","date_gmt":"2021-08-30T09:25:41","guid":{"rendered":"https:\/\/klimaallianz2040.ch\/?page_id=21"},"modified":"2024-11-09T16:42:50","modified_gmt":"2024-11-09T16:42:50","slug":"activism","status":"publish","type":"page","link":"https:\/\/klimaallianz2040.ch\/","title":{"rendered":"Klimaallianz 2040"},"content":{"rendered":"\t\t<div data-elementor-type=\"wp-page\" data-elementor-id=\"21\" class=\"elementor elementor-21\">\n\t\t\t\t\t\t<section class=\"elementor-section elementor-top-section elementor-element elementor-element-2bd896d9 elementor-section-full_width elementor-section-height-min-height elementor-section-height-default elementor-section-items-middle\" data-id=\"2bd896d9\" data-element_type=\"section\" data-e-type=\"section\" data-settings=\"{&quot;background_background&quot;:&quot;classic&quot;}\">\n\t\t\t\t\t\t\t<div class=\"elementor-background-overlay\"><\/div>\n\t\t\t\t\t\t\t<div class=\"elementor-container elementor-column-gap-default\">\n\t\t\t\t\t<div class=\"elementor-column elementor-col-100 elementor-top-column elementor-element elementor-element-2d0a5db6\" data-id=\"2d0a5db6\" data-element_type=\"column\" data-e-type=\"column\">\n\t\t\t<div class=\"elementor-widget-wrap elementor-element-populated\">\n\t\t\t\t\t\t<section class=\"elementor-section elementor-inner-section elementor-element elementor-element-7c57d912 elementor-section-boxed elementor-section-height-default elementor-section-height-default\" data-id=\"7c57d912\" data-element_type=\"section\" data-e-type=\"section\">\n\t\t\t\t\t\t<div class=\"elementor-container elementor-column-gap-default\">\n\t\t\t\t\t<div class=\"elementor-column elementor-col-100 elementor-inner-column elementor-element elementor-element-667ab20e\" data-id=\"667ab20e\" data-element_type=\"column\" data-e-type=\"column\">\n\t\t\t<div class=\"elementor-widget-wrap elementor-element-populated\">\n\t\t\t\t\t\t<div class=\"elementor-element elementor-element-41cff167 elementor-widget elementor-widget-heading\" data-id=\"41cff167\" data-element_type=\"widget\" data-e-type=\"widget\" data-widget_type=\"heading.default\">\n\t\t\t\t<div class=\"elementor-widget-container\">\n\t\t\t\t\t<h2 class=\"elementor-heading-title elementor-size-default\">Am 24.11.24<br>NEIN zur<br>\"Stromwahl-Initiative\"<\/h2>\t\t\t\t<\/div>\n\t\t\t\t<\/div>\n\t\t\t\t\t<\/div>\n\t\t<\/div>\n\t\t\t\t\t<\/div>\n\t\t<\/section>\n\t\t\t\t\t<\/div>\n\t\t<\/div>\n\t\t\t\t\t<\/div>\n\t\t<\/section>\n\t\t\t\t<section class=\"elementor-section elementor-top-section elementor-element elementor-element-33c46a69 home-section1 elementor-section-boxed elementor-section-height-default elementor-section-height-default\" data-id=\"33c46a69\" data-element_type=\"section\" data-e-type=\"section\" data-settings=\"{&quot;background_background&quot;:&quot;classic&quot;,&quot;animation&quot;:&quot;none&quot;}\">\n\t\t\t\t\t\t<div class=\"elementor-container elementor-column-gap-no\">\n\t\t\t\t\t<div class=\"elementor-column elementor-col-100 elementor-top-column elementor-element elementor-element-731666d8\" data-id=\"731666d8\" data-element_type=\"column\" data-e-type=\"column\">\n\t\t\t<div class=\"elementor-widget-wrap elementor-element-populated\">\n\t\t\t\t\t\t<section class=\"elementor-section elementor-inner-section elementor-element elementor-element-1711f057 elementor-section-full_width activist-section-1 elementor-section-height-default elementor-section-height-default elementor-invisible\" data-id=\"1711f057\" data-element_type=\"section\" data-e-type=\"section\" data-settings=\"{&quot;animation&quot;:&quot;zoomIn&quot;}\">\n\t\t\t\t\t\t<div class=\"elementor-container elementor-column-gap-no\">\n\t\t\t\t\t<div class=\"elementor-column elementor-col-25 elementor-inner-column elementor-element elementor-element-10616d58\" data-id=\"10616d58\" data-element_type=\"column\" data-e-type=\"column\" data-settings=\"{&quot;background_background&quot;:&quot;classic&quot;}\">\n\t\t\t<div class=\"elementor-widget-wrap elementor-element-populated\">\n\t\t\t\t\t\t<div class=\"elementor-element elementor-element-7596ea97 elementor-position-top elementor-widget elementor-widget-image-box\" data-id=\"7596ea97\" data-element_type=\"widget\" data-e-type=\"widget\" data-widget_type=\"image-box.default\">\n\t\t\t\t<div class=\"elementor-widget-container\">\n\t\t\t\t\t<div class=\"elementor-image-box-wrapper\"><figure class=\"elementor-image-box-img\"><a href=\"https:\/\/klimaallianz2040.ch\/?page_id=77\" tabindex=\"-1\"><img decoding=\"async\" width=\"80\" height=\"80\" src=\"https:\/\/klimaallianz2040.ch\/wp-content\/uploads\/2021\/09\/messages.png\" class=\"attachment-full size-full wp-image-318\" alt=\"\" \/><\/a><\/figure><div class=\"elementor-image-box-content\"><h5 class=\"elementor-image-box-title\"><a href=\"https:\/\/klimaallianz2040.ch\/?page_id=77\">Argumente<\/a><\/h5><\/div><\/div>\t\t\t\t<\/div>\n\t\t\t\t<\/div>\n\t\t\t\t\t<\/div>\n\t\t<\/div>\n\t\t\t\t<div class=\"elementor-column elementor-col-25 elementor-inner-column elementor-element elementor-element-1e33e45c\" data-id=\"1e33e45c\" data-element_type=\"column\" data-e-type=\"column\" data-settings=\"{&quot;background_background&quot;:&quot;classic&quot;}\">\n\t\t\t<div class=\"elementor-widget-wrap elementor-element-populated\">\n\t\t\t\t\t\t<div class=\"elementor-element elementor-element-50db1a7 elementor-position-top elementor-widget elementor-widget-image-box\" data-id=\"50db1a7\" data-element_type=\"widget\" data-e-type=\"widget\" data-widget_type=\"image-box.default\">\n\t\t\t\t<div class=\"elementor-widget-container\">\n\t\t\t\t\t<div class=\"elementor-image-box-wrapper\"><figure class=\"elementor-image-box-img\"><a href=\"https:\/\/klimaallianz2040.ch\/?page_id=39\" tabindex=\"-1\"><img decoding=\"async\" width=\"80\" height=\"80\" src=\"https:\/\/klimaallianz2040.ch\/wp-content\/uploads\/2021\/09\/social-group.png\" class=\"attachment-full size-full wp-image-317\" alt=\"\" \/><\/a><\/figure><div class=\"elementor-image-box-content\"><h5 class=\"elementor-image-box-title\"><a href=\"https:\/\/klimaallianz2040.ch\/?page_id=39\">Komitee<\/a><\/h5><\/div><\/div>\t\t\t\t<\/div>\n\t\t\t\t<\/div>\n\t\t\t\t\t<\/div>\n\t\t<\/div>\n\t\t\t\t<div class=\"elementor-column elementor-col-25 elementor-inner-column elementor-element elementor-element-54dde5f3\" data-id=\"54dde5f3\" data-element_type=\"column\" data-e-type=\"column\" data-settings=\"{&quot;background_background&quot;:&quot;classic&quot;}\">\n\t\t\t<div class=\"elementor-widget-wrap elementor-element-populated\">\n\t\t\t\t\t\t<div class=\"elementor-element elementor-element-42d7f1d1 elementor-position-top elementor-widget elementor-widget-image-box\" data-id=\"42d7f1d1\" data-element_type=\"widget\" data-e-type=\"widget\" data-widget_type=\"image-box.default\">\n\t\t\t\t<div class=\"elementor-widget-container\">\n\t\t\t\t\t<div class=\"elementor-image-box-wrapper\"><figure class=\"elementor-image-box-img\"><a href=\"https:\/\/klimaallianz2040.ch\/?page_id=90\" tabindex=\"-1\"><img decoding=\"async\" width=\"80\" height=\"80\" src=\"https:\/\/klimaallianz2040.ch\/wp-content\/uploads\/2021\/09\/piggy-bank-1.png\" class=\"attachment-full size-full wp-image-314\" alt=\"\" \/><\/a><\/figure><div class=\"elementor-image-box-content\"><h5 class=\"elementor-image-box-title\"><a href=\"https:\/\/klimaallianz2040.ch\/?page_id=90\">Spenden<\/a><\/h5><\/div><\/div>\t\t\t\t<\/div>\n\t\t\t\t<\/div>\n\t\t\t\t\t<\/div>\n\t\t<\/div>\n\t\t\t\t<div class=\"elementor-column elementor-col-25 elementor-inner-column elementor-element elementor-element-40d71209\" data-id=\"40d71209\" data-element_type=\"column\" data-e-type=\"column\" data-settings=\"{&quot;background_background&quot;:&quot;classic&quot;}\">\n\t\t\t<div class=\"elementor-widget-wrap elementor-element-populated\">\n\t\t\t\t\t\t<div class=\"elementor-element elementor-element-89e3df2 elementor-position-top elementor-widget elementor-widget-image-box\" data-id=\"89e3df2\" data-element_type=\"widget\" data-e-type=\"widget\" data-widget_type=\"image-box.default\">\n\t\t\t\t<div class=\"elementor-widget-container\">\n\t\t\t\t\t<div class=\"elementor-image-box-wrapper\"><figure class=\"elementor-image-box-img\"><a href=\"https:\/\/klimaallianz2040.ch\/?page_id=95\" tabindex=\"-1\"><img loading=\"lazy\" decoding=\"async\" width=\"80\" height=\"80\" src=\"https:\/\/klimaallianz2040.ch\/wp-content\/uploads\/2021\/09\/hand-shake.png\" class=\"attachment-full size-full wp-image-316\" alt=\"\" \/><\/a><\/figure><div class=\"elementor-image-box-content\"><h5 class=\"elementor-image-box-title\"><a href=\"https:\/\/klimaallianz2040.ch\/?page_id=95\">Allianz<\/a><\/h5><\/div><\/div>\t\t\t\t<\/div>\n\t\t\t\t<\/div>\n\t\t\t\t\t<\/div>\n\t\t<\/div>\n\t\t\t\t\t<\/div>\n\t\t<\/section>\n\t\t\t\t\t<\/div>\n\t\t<\/div>\n\t\t\t\t\t<\/div>\n\t\t<\/section>\n\t\t\t\t<section class=\"elementor-section elementor-top-section elementor-element elementor-element-478c973 elementor-section-boxed elementor-section-height-default elementor-section-height-default\" data-id=\"478c973\" data-element_type=\"section\" data-e-type=\"section\">\n\t\t\t\t\t\t<div class=\"elementor-container elementor-column-gap-default\">\n\t\t\t\t\t<div class=\"elementor-column elementor-col-100 elementor-top-column elementor-element elementor-element-48bb341\" data-id=\"48bb341\" data-element_type=\"column\" data-e-type=\"column\">\n\t\t\t<div class=\"elementor-widget-wrap elementor-element-populated\">\n\t\t\t\t\t\t<div class=\"elementor-element elementor-element-1415334 elementor-widget elementor-widget-text-editor\" data-id=\"1415334\" data-element_type=\"widget\" data-e-type=\"widget\" data-widget_type=\"text-editor.default\">\n\t\t\t\t<div class=\"elementor-widget-container\">\n\t\t\t\t\t\t\t\t\t<div class=\"bubble is-edited is-in can-have-tail is-group-first is-group-last\" data-mid=\"4454744063\" data-peer-id=\"-504551173\" data-timestamp=\"1633603996\"><div class=\"bubble-content-wrapper\"><div class=\"bubble-content\"><p style=\"text-align: center;\"><strong>NEIN zur Initiative f\u00fcr freie Stromwahl am 24.11.2024<\/strong><\/p><p>\u00a0<\/p><p>Die Initiant:innen der Initiative argumentieren im Abstimmungskampf mit folgenden zwei Argumenten: Einerseits soll Atomstrom g\u00fcnstig sein, andererseit finde eine \u00abBevormundung\u00bb durch den Staat statt, wenn man seinen eigenen Strommix nicht w\u00e4hlen darf.<\/p><p>\u00a0<\/p><p>Beide Argumente sind falsch und verschleiern den wahren Hintergrund der Initiative, der schleierhaft bleibt.<\/p><p>\u00a0<\/p><p>Stadtwerk Winterthur hat vorgerechnet, dass eine durchschnittliche Familie im Jahr 2023 gerade einmal <strong>2 Franken im Jahr<\/strong> gespart h\u00e4tte gegen\u00fcber dem g\u00fcnstigsten verf\u00fcgbaren Strommix, wenn dieser wie gefordert 65% Atomstrom enthalten h\u00e4tte.<\/p><p>\u00a0<\/p><p>Ein durchschnittliches KMU h\u00e4tte 5 Franken gespart. Im Jahr.<\/p><p>\u00a0<\/p><p>Um Familien mit tiefen Einkommen zu entlasten braucht es Massnahmen wie bezahlbahren Wohnraum, faire L\u00f6hne, und gute Sozialleistungen. Solche Massnahmen bek\u00e4mpfen die Bef\u00fcrworter:innen der Initiative konsequent.<\/p><p>\u00a0<\/p><p>Das Argument der Bevormundung ist ebenfalls merkw\u00fcrdig.<\/p><p>\u00a0<\/p><p>Einerseits entspricht der jetztige Strommix dem demokratischen Willen der Bev\u00f6lkerung, das muss respektiert werden. In den Jahren 2012 (WINERGIE), 2019 (Postulat Stromprodukte aus erneuerbaren Energien) und 2021 (Netto Null 2040) hat sich die Winterthurer Bev\u00f6lkerung, bzw. das Parlament deutlich gegen Atomstrom entschieden.<\/p><p>\u00a0<\/p><p>Andererseits ist es v\u00f6llig absurd, dass man seinen Strommix komplett frei w\u00e4hlen k\u00f6nnen muss. Nach dieser Argumentation m\u00fcsste auch Kohlestrom w\u00e4hlbar sein, oder Bewohner:innen m\u00fcssten w\u00e4hlen k\u00f6nnen, aus welchem Gew\u00e4sser ihr Trinkwasser kommt. Dass es in der Grundversorgung gewisse Entscheidungen braucht, um klimafreundlich und effektiv die Bev\u00f6lkerung mit Strom, Wasser, W\u00e4rme etc. zu versorgen ist v\u00f6llig normal und zu behaupten, das w\u00e4re Bevormundung ist eine Zw\u00e4ngerei.<\/p><\/div><\/div><\/div>\t\t\t\t\t\t\t\t<\/div>\n\t\t\t\t<\/div>\n\t\t\t\t\t<\/div>\n\t\t<\/div>\n\t\t\t\t\t<\/div>\n\t\t<\/section>\n\t\t\t\t<section class=\"elementor-section elementor-top-section elementor-element elementor-element-612c426 elementor-section-boxed elementor-section-height-default elementor-section-height-default\" data-id=\"612c426\" data-element_type=\"section\" data-e-type=\"section\">\n\t\t\t\t\t\t<div class=\"elementor-container elementor-column-gap-default\">\n\t\t\t\t\t<div class=\"elementor-column elementor-col-100 elementor-top-column elementor-element elementor-element-d24f6f8\" data-id=\"d24f6f8\" data-element_type=\"column\" data-e-type=\"column\">\n\t\t\t<div class=\"elementor-widget-wrap elementor-element-populated\">\n\t\t\t\t\t\t<div class=\"elementor-element elementor-element-179ad75 elementor-widget elementor-widget-heading\" data-id=\"179ad75\" data-element_type=\"widget\" data-e-type=\"widget\" data-widget_type=\"heading.default\">\n\t\t\t\t<div class=\"elementor-widget-container\">\n\t\t\t\t\t<h2 class=\"elementor-heading-title elementor-size-default\">News &amp; Medienbeitr\u00e4ge<\/h2>\t\t\t\t<\/div>\n\t\t\t\t<\/div>\n\t\t\t\t<div class=\"elementor-element elementor-element-a09a8fe elementor-widget elementor-widget-text-editor\" data-id=\"a09a8fe\" data-element_type=\"widget\" data-e-type=\"widget\" data-widget_type=\"text-editor.default\">\n\t\t\t\t<div class=\"elementor-widget-container\">\n\t\t\t\t\t\t\t\t\t<p>28.11.21 <a href=\"https:\/\/www.landbote.ch\/ein-klares-ja-zur-klimaneutralen-stadt-903077891942\" target=\"_blank\" rel=\"noopener\">Ein klares Ja zur klimaneutralen Stadt<\/a><\/p><p>16.11.21 <a href=\"https:\/\/www.landbote.ch\/es-gibt-nur-ein-vernuenftiges-klimaziel-558957257391\" target=\"_blank\" rel=\"noopener\">Leitartikel &#8211; Es gibt nur ein vern\u00fcnftiges Klimaziel<\/a><\/p><p>10.11.21 <a href=\"https:\/\/www.landbote.ch\/winterthur-eine-stadt-im-meer-579942232146\" target=\"_blank\" rel=\"noopener\">Winterthur, eine Stadt im Meer?<\/a><\/p><p>07.10.21 <a href=\"https:\/\/stadt.winterthur.ch\/gemeinde\/verwaltung\/stadtkanzlei\/kommunikation-stadt-winterthur\/medienmitteilungen-stadt-winterthur\/stadtrat-empfiehlt-ja-zu-netto-null-2040-und-zum-zuercher-energiegesetz?fbclid=IwAR2YHkFvqHr1nnmzUwgRryRRtRZLHXmsWIvKLMBNBsZXmXOaJxiU4_uYoUc\" target=\"_blank\" rel=\"noopener\">Stadtrat von WInterthur empfiehlt Ja zu Netto Null 2040<\/a><\/p><p>05.10.21 <a href=\"https:\/\/84xo.ch\/politik\/verein-klimaallianz-will-klimaneutrales-winterthur-bis-2040\" target=\"_blank\" rel=\"noopener\">Verein Klimaallianz will klimaneutrales Winterthur bis 2040<\/a><\/p><p>04.10.21 <a href=\"https:\/\/www.toponline.ch\/news\/winterthur\/detail\/news\/winterthurer-klimaallianz-will-netto-null-bis-2040-00166707\/\" target=\"_blank\" rel=\"noopener\">Winterthurer Klimaallianz will \u00abNetto Null\u00bb bis 2040<\/a><\/p><p>04.10.21 <a href=\"https:\/\/www.landbote.ch\/klimastreik-spannt-mit-der-politik-zusammen-383369498610\" target=\"_blank\" rel=\"noopener\">Klimastreik spannt mit der Politik zusammen<\/a><\/p>\t\t\t\t\t\t\t\t<\/div>\n\t\t\t\t<\/div>\n\t\t\t\t\t<\/div>\n\t\t<\/div>\n\t\t\t\t\t<\/div>\n\t\t<\/section>\n\t\t\t\t<\/div>\n\t\t","protected":false},"excerpt":{"rendered":"<p>Am 24.11.24NEIN zur&#8222;Stromwahl-Initiative&#8220; Argumente Komitee Spenden Allianz NEIN zur Initiative f\u00fcr freie Stromwahl am 24.11.2024 \u00a0 Die Initiant:innen der Initiative argumentieren im Abstimmungskampf mit folgenden [&hellip;]<\/p>\n","protected":false},"author":1,"featured_media":0,"parent":0,"menu_order":0,"comment_status":"closed","ping_status":"closed","template":"elementor_header_footer","meta":{"footnotes":""},"class_list":["post-21","page","type-page","status-publish","hentry"],"_links":{"self":[{"href":"https:\/\/klimaallianz2040.ch\/index.php?rest_route=\/wp\/v2\/pages\/21","targetHints":{"allow":["GET"]}}],"collection":[{"href":"https:\/\/klimaallianz2040.ch\/index.php?rest_route=\/wp\/v2\/pages"}],"about":[{"href":"https:\/\/klimaallianz2040.ch\/index.php?rest_route=\/wp\/v2\/types\/page"}],"author":[{"embeddable":true,"href":"https:\/\/klimaallianz2040.ch\/index.php?rest_route=\/wp\/v2\/users\/1"}],"replies":[{"embeddable":true,"href":"https:\/\/klimaallianz2040.ch\/index.php?rest_route=%2Fwp%2Fv2%2Fcomments&post=21"}],"version-history":[{"count":172,"href":"https:\/\/klimaallianz2040.ch\/index.php?rest_route=\/wp\/v2\/pages\/21\/revisions"}],"predecessor-version":[{"id":1883,"href":"https:\/\/klimaallianz2040.ch\/index.php?rest_route=\/wp\/v2\/pages\/21\/revisions\/1883"}],"wp:attachment":[{"href":"https:\/\/klimaallianz2040.ch\/index.php?rest_route=%2Fwp%2Fv2%2Fmedia&parent=21"}],"curies":[{"name":"wp","href":"https:\/\/api.w.org\/{rel}","templated":true}]}}