{"id":582,"date":"2021-10-03T16:22:40","date_gmt":"2021-10-03T16:22:40","guid":{"rendered":"https:\/\/klimaallianz2040.ch\/?page_id=582"},"modified":"2021-10-03T16:23:33","modified_gmt":"2021-10-03T16:23:33","slug":"datenschutzbestimmungen","status":"publish","type":"page","link":"https:\/\/klimaallianz2040.ch\/?page_id=582","title":{"rendered":"Datenschutzbestimmungen"},"content":{"rendered":"\t\t<div data-elementor-type=\"wp-page\" data-elementor-id=\"582\" class=\"elementor elementor-582\">\n\t\t\t\t\t\t<section class=\"elementor-section elementor-top-section elementor-element elementor-element-8c667d3 elementor-section-boxed elementor-section-height-default elementor-section-height-default\" data-id=\"8c667d3\" data-element_type=\"section\" data-e-type=\"section\">\n\t\t\t\t\t\t<div class=\"elementor-container elementor-column-gap-default\">\n\t\t\t\t\t<div class=\"elementor-column elementor-col-100 elementor-top-column elementor-element elementor-element-68987c6\" data-id=\"68987c6\" data-element_type=\"column\" data-e-type=\"column\">\n\t\t\t<div class=\"elementor-widget-wrap elementor-element-populated\">\n\t\t\t\t\t\t<div class=\"elementor-element elementor-element-f1ced42 elementor-widget elementor-widget-heading\" data-id=\"f1ced42\" data-element_type=\"widget\" data-e-type=\"widget\" data-widget_type=\"heading.default\">\n\t\t\t\t<div class=\"elementor-widget-container\">\n\t\t\t\t\t<h2 class=\"elementor-heading-title elementor-size-default\">Datenschutzbestimmungen<\/h2>\t\t\t\t<\/div>\n\t\t\t\t<\/div>\n\t\t\t\t\t<\/div>\n\t\t<\/div>\n\t\t\t\t\t<\/div>\n\t\t<\/section>\n\t\t\t\t<section class=\"elementor-section elementor-top-section elementor-element elementor-element-1c17310 elementor-section-boxed elementor-section-height-default elementor-section-height-default\" data-id=\"1c17310\" data-element_type=\"section\" data-e-type=\"section\">\n\t\t\t\t\t\t<div class=\"elementor-container elementor-column-gap-default\">\n\t\t\t\t\t<div class=\"elementor-column elementor-col-100 elementor-top-column elementor-element elementor-element-1bb7f5e\" data-id=\"1bb7f5e\" data-element_type=\"column\" data-e-type=\"column\">\n\t\t\t<div class=\"elementor-widget-wrap elementor-element-populated\">\n\t\t\t\t\t\t<div class=\"elementor-element elementor-element-262a464 elementor-widget elementor-widget-html\" data-id=\"262a464\" data-element_type=\"widget\" data-e-type=\"widget\" data-widget_type=\"html.default\">\n\t\t\t\t<div class=\"elementor-widget-container\">\n\t\t\t\t\t<p>Verantwortliche Stelle im Sinne der Datenschutzgesetze, insbesondere der EU-Datenschutzgrundverordnung (DSGVO), ist:<\/p><br\/><p>Klimaallianz 2040<br\/>Philippe Weber<br\/>Emil-Krebs-Gasse, 10<br\/>8400 Winterthur<\/p><p>Telefon: 0794260600<br\/>E-Mail: kontakt@klimaallianz2040.ch<br\/>WebSite: https:\/\/www.klimaallianz2040.ch\/ <\/p><p>&nbsp;<\/p><h2>Allgemeiner Hinweis<\/h2> <p>Gest&uuml;tzt auf Artikel 13 der schweizerischen Bundesverfassung und den datenschutzrechtlichen Bestimmungen des Bundes (Datenschutzgesetz, DSG<!--DSG-->) hat jede Person Anspruch auf Schutz ihrer Privatsph&auml;re sowie auf Schutz vor Missbrauch ihrer pers&ouml;nlichen Daten. Die Betreiber dieser Seiten nehmen den Schutz Ihrer pers&ouml;nlichen Daten sehr ernst. Wir behandeln Ihre personenbezogenen Daten vertraulich und entsprechend der gesetzlichen Datenschutzvorschriften sowie dieser Datenschutzerkl&auml;rung.<\/p><p>In Zusammenarbeit mit unseren Hosting-Providern bem&uuml;hen wir uns, die Datenbanken so gut wie m&ouml;glich vor fremden Zugriffen, Verlusten, Missbrauch oder vor F&auml;lschung zu sch&uuml;tzen.<\/p><p>Wir weisen darauf hin, dass die Daten&uuml;bertragung im Internet (z.B. bei der Kommunikation per E-Mail) Sicherheitsl&uuml;cken aufweisen kann. Ein l&uuml;ckenloser Schutz der Daten vor dem Zugriff durch Dritte ist nicht m&ouml;glich.<\/p><p>Durch die Nutzung dieser Website erkl&auml;ren Sie sich mit der Erhebung, Verarbeitung und Nutzung von Daten gem&auml;ss der nachfolgenden Beschreibung einverstanden. Diese Website kann grunds&auml;tzlich ohne Registrierung besucht werden. Dabei werden Daten wie beispielsweise aufgerufene Seiten bzw. Namen der abgerufenen Datei, Datum und Uhrzeit zu statistischen Zwecken auf dem Server gespeichert, ohne dass diese Daten unmittelbar auf Ihre Person bezogen werden. Personenbezogene Daten, insbesondere Name, Adresse oder E-Mail-Adresse werden soweit m&ouml;glich auf freiwilliger Basis erhoben. Ohne Ihre Einwilligung erfolgt keine Weitergabe der Daten an Dritte.<\/p><p>&nbsp;<\/p><h2>Bearbeitung von Personendaten<\/h2> <p>Personendaten sind alle Angaben, die sich auf eine bestimmte oder bestimmbare Person beziehen. Eine betroffene Person ist eine Person, &uuml;ber die Personendaten bearbeitet werden. Bearbeiten umfasst jeden Umgang mit Personendaten, unabh&auml;ngig von den angewandten Mitteln und Verfahren, insbesondere das Aufbewahren, Bekanntgeben, Beschaffen, L&ouml;schen, Speichern, Ver&auml;ndern, Vernichten und Verwenden von Personendaten.<\/p> <p>Wir bearbeiten Personendaten im Einklang mit dem schweizerischen Datenschutzrecht. Im &Uuml;brigen bearbeiten wir \u2013 soweit und sofern die EU-DSGVO anwendbar ist \u2013 Personendaten gem&auml;ss folgenden Rechtsgrundlagen im Zusammenhang mit Art. 6 Abs. 1 DSGVO<!--DSGVO-->:<\/p> <ul> <li>lit. a) Bearbeitung von Personendaten mit Einwilligung der betroffenen Person.<\/li> <li>lit. b) Bearbeitung von Personendaten zur Erf&uuml;llung eines Vertrages mit der betroffenen Person sowie zur Durchf&uuml;hrung entsprechender vorvertraglicher Massnahmen.<\/li> <li>lit. c) Bearbeitung von Personendaten zur Erf&uuml;llung einer rechtlichen Verpflichtung, der wir gem&auml;ss allenfalls anwendbarem Recht der EU oder gem&auml;ss allenfalls anwendbarem Recht eines Landes, in dem die DSGVO<!--DSGVO--> ganz oder teilweise anwendbar ist, unterliegen.<\/li> <li>lit. d) Bearbeitung von Personendaten um lebenswichtige Interessen der betroffenen Person oder einer anderen nat&uuml;rlichen Person zu sch&uuml;tzen.<\/li> <li>lit. f) Bearbeitung von Personendaten um die berechtigten Interessen von uns oder von Dritten zu wahren, sofern nicht die Grundfreiheiten und Grundrechte sowie Interessen der betroffenen Person &uuml;berwiegen. Berechtigte Interessen sind insbesondere unser betriebswirtschaftliches Interesse, unsere Website bereitstellen zu k&ouml;nnen, die Informationssicherheit, die Durchsetzung von eigenen rechtlichen Anspr&uuml;chen und die Einhaltung von schweizerischem Recht.<\/li> <\/ul> <p>Wir bearbeiten Personendaten f&uuml;r jene Dauer, die f&uuml;r den jeweiligen Zweck oder die jeweiligen Zwecke erforderlich ist. Bei l&auml;nger dauernden Aufbewahrungspflichten aufgrund von gesetzlichen und sonstigen Pflichten, denen wir unterliegen, schr&auml;nken wir die Bearbeitung entsprechend ein.<\/p><p>&nbsp;<\/p><h2>Datenschutzerkl&auml;rung f&uuml;r SSL-\/TLS-Verschl&uuml;sselung<\/h2><p>Diese Website nutzt aus Gr&uuml;nden der Sicherheit und zum Schutz der &Uuml;bertragung vertraulicher Inhalte, wie zum Beispiel der Anfragen, die Sie an uns als Seitenbetreiber senden, eine SSL-\/TLS-Verschl&uuml;sselung. Eine verschl&uuml;sselte Verbindung erkennen Sie daran, dass die Adresszeile des Browsers von &quot;http:\/\/&quot; auf &quot;https:\/\/&quot; wechselt und an dem Schloss-Symbol in Ihrer Browserzeile.<\/p> <p>Wenn die SSL bzw. TLS Verschl&uuml;sselung aktiviert ist, k&ouml;nnen die Daten, die Sie an uns &uuml;bermitteln, nicht von Dritten mitgelesen werden.<\/p><p>&nbsp;<\/p><h2>Datenschutzerkl&auml;rung f&uuml;r Kontaktformular<\/h2><p>Wenn Sie uns per Kontaktformular Anfragen zukommen lassen, werden Ihre Angaben aus dem Anfrageformular inklusive der von Ihnen dort angegebenen Kontaktdaten zwecks Bearbeitung der Anfrage und f&uuml;r den Fall von Anschlussfragen bei uns gespeichert. Diese Daten geben wir nicht ohne Ihre Einwilligung weiter.<\/p><p>&nbsp;<\/p><h2>Google Ads<\/h2> <p>Diese Website nutzt das Google Conversion-Tracking. Sind Sie &uuml;ber eine von Google geschaltete Anzeige auf unsere WebSite gelangt, wird von Google Ads ein Cookie auf Ihrem Rechner gesetzt. Das Cookie f&uuml;r Conversion-Tracking wird gesetzt, wenn ein Nutzer auf eine von Google geschaltete Anzeige klickt. Diese Cookies verlieren nach 30 Tagen ihre G&uuml;ltigkeit und dienen nicht der pers&ouml;nlichen Identifizierung. Besucht der Nutzer bestimmte Seiten unserer Website und das Cookie ist noch nicht abgelaufen, k&ouml;nnen wir und Google erkennen, dass der Nutzer auf die Anzeige geklickt hat und zu dieser Seite weitergeleitet wurde. Jeder Google Ads-Kunde erh&auml;lt ein anderes Cookie. Cookies k&ouml;nnen somit nicht &uuml;ber die Websites von Ads-Kunden nachverfolgt werden. Die mithilfe des Conversion-Cookies eingeholten Informationen dienen dazu, Conversion-Statistiken f&uuml;r Ads-Kunden zu erstellen, die sich f&uuml;r Conversion-Tracking entschieden haben. Die Kunden erfahren die Gesamtanzahl der Nutzer, die auf ihre Anzeige geklickt haben und zu einer mit einem Conversion-Tracking-Tag versehenen Seite weitergeleitet wurden. Sie erhalten jedoch keine Informationen, mit denen sich Nutzer pers&ouml;nlich identifizieren lassen.<\/p> <p>M&ouml;chten Sie nicht am Tracking teilnehmen, k&ouml;nnen Sie das hierf&uuml;r erforderliche Setzen eines Cookies ablehnen \u2013 etwa per Browser-Einstellung, die das automatische Setzen von Cookies generell deaktiviert oder Ihren Browser so einstellen, dass Cookies von der Domain \u00abgoogleleadservices.com\u00bb blockiert werden.<\/p> <p>Bitte beachten Sie, dass Sie die Opt-out-Cookies nicht l&ouml;schen d&uuml;rfen, solange Sie keine Aufzeichnung von Messdaten w&uuml;nschen. Haben Sie alle Ihre Cookies im Browser gel&ouml;scht, m&uuml;ssen Sie das jeweilige Opt-out Cookie erneut setzen.<\/p><p>&nbsp;<\/p><h2>Verwendung von Google reCAPTCHA<\/h2> <p>Diese Website verwendet den Dienst reCAPTCHA der Google Ireland Limited (Gordon House, Barrow Street Dublin 4, Irland \u201eGoogle\u201c). Die Abfrage dient dem Zweck der Unterscheidung, ob die Eingabe durch einen Menschen oder durch automatisierte, maschinelle Verarbeitung erfolgt. Die Abfrage schliesst den Versand der IP-Adresse und ggf. weiterer von Google f&uuml;r den Dienst reCAPTCHA ben&ouml;tigter Daten an Google ein. Zu diesem Zweck wird Ihre Eingabe an Google &uuml;bermittelt und dort weiter verwendet. Ihre IP-Adresse wird von Google jedoch innerhalb von Mitgliedstaaten der Europ&auml;ischen Union oder in anderen Vertragsstaaten des Abkommens &uuml;ber den Europ&auml;ischen Wirtschaftsraum zuvor gek&uuml;rzt. Nur in Ausnahmef&auml;llen wird die volle IP-Adresse an einen Server von Google in den USA &uuml;bertragen und dort gek&uuml;rzt. Im Auftrag des Betreibers dieser Website wird Google diese Informationen benutzen, um Ihre Nutzung dieses Dienstes auszuwerten. Die im Rahmen von reCaptcha von Ihrem Browser &uuml;bermittelte IP-Adresse wird nicht mit anderen Daten von Google zusammengef&uuml;hrt. Ihre Daten werden dabei gegebenenfalls auch in die USA &uuml;bermittelt. F&uuml;r Daten&uuml;bermittlungen in die USA ist ein Angemessenheitsbeschluss der Europ&auml;ischen Kommission, das \"Privacy Shield\", vorhanden. Google nimmt am \"Privacy Shield\" teil und hat sich den Vorgaben unterworfen. Mit Bet&auml;tigen der Abfrage willigen Sie in die Verarbeitung Ihrer Daten ein. Die Verarbeitung erfolgt auf Grundlage des Art. 6 (1) lit. a DSGVO mit Ihrer Einwilligung. Sie k&ouml;nnen Ihre Einwilligung jederzeit widerrufen, ohne dass die Rechtm&auml;ssigkeit der aufgrund der Einwilligung bis zum Widerruf erfolgten Verarbeitung ber&uuml;hrt wird.<\/p> <p>N&auml;here Informationen zu Google reCAPTCHA sowie die dazugeh&ouml;rige Datenschutzerkl&auml;rung finden Sie unter: <a href=\"https:\/\/policies.google.com\/privacy?hl=de\" target=\"_blank\" rel=\"noopener\">https:\/\/policies.google.com\/privacy?hl=de<\/a><\/p><p>&nbsp;<\/p><h2>Datenschutzerkl&auml;rung f&uuml;r Google Analytics<\/h2><p>Diese Website benutzt Google Analytics, einen Webanalysedienst der Google Ireland Limited. Wenn der Verantwortliche f\u00fcr die Datenverarbeitung auf dieser Website ausserhalb des Europ\u00e4ischen Wirtschaftsraumes oder der Schweiz sitzt, dann erfolgt die Google Analytics Datenverarbeitung durch Google LLC. Google LLC und Google Ireland Limited werden nachfolgend &laquo;Google&raquo; genannt.<\/p><p>\u00dcber die gewonnenen Statistiken k\u00f6nnen wir unser Angebot verbessern und f\u00fcr Sie als Nutzer interessanter ausgestalten. Diese Website verwendet Google Analytics zudem f\u00fcr eine ger\u00e4te\u00fcbergreifende Analyse von Besucherstr\u00f6men, die \u00fcber eine User-ID durchgef\u00fchrt wird. Sofern Sie \u00fcber ein Google-Benutzerkonto verf\u00fcgen, k\u00f6nnen Sie in den dortigen Einstellungen unter &laquo;Meine Daten&raquo;, &laquo;pers\u00f6nliche Daten&raquo; die ger\u00e4te\u00fcbergreifende Analyse Ihrer Nutzung deaktivieren.<\/p> <p>Rechtsgrundlage f\u00fcr die Nutzung von Google Analytics ist Art. 6 Abs. 1 S. 1 lit. f DS-GVO. Die im Rahmen von Google Analytics von Ihrem Browser \u00fcbermittelte IP-Adresse wird nicht mit anderen Daten von Google zusammengef\u00fchrt. Wir weisen Sie darauf hin, dass auf dieser Website Google Analytics um den Code &laquo;_anonymizeIp();&raquo; erweitert wurde, um eine anonymisierte Erfassung von IP-Adressen zu gew\u00e4hrleisten. Dadurch werden IP-Adressen gek\u00fcrzt weiterverarbeitet, eine Personenbeziehbarkeit kann damit ausgeschlossen werden. Soweit den \u00fcber Sie erhobenen Daten ein Personenbezug zukommt, wird dieser also sofort ausgeschlossen und die personenbezogenen Daten damit umgehend gel\u00f6scht.<\/p> <p>Nur in Ausnahmef\u00e4llen wird die volle IP-Adresse an einen Server von Google in den USA \u00fcbertragen und dort gek\u00fcrzt. Im Auftrag des Betreibers dieser Website wird Google diese Informationen benutzen, um Ihre Nutzung der Website auszuwerten, um Reports \u00fcber die Websitenaktivit\u00e4ten zusammenzustellen und um weitere mit der Websitennutzung und der Internetnutzung verbundene Dienstleistungen gegen\u00fcber dem Websitenbetreiber zu erbringen. F\u00fcr die Ausnahmef\u00e4lle, in denen personenbezogene Daten in die USA \u00fcbertragen werden, hat sich Google dem EU-US Privacy Shield unterworfen, <a href=\"https:\/\/www.privacyshield.gov\/EU-US-Framework\" target=\"_blank\" rel=\"noopener\">https:\/\/www.privacyshield.gov\/EU-US-Framework<\/a>.<\/p> <p>Google Analytics verwendet Cookies. Die durch den Cookie erzeugten Informationen \u00fcber Ihre Benutzung dieser Website werden in der Regel an einen Server von Google in den USA \u00fcbertragen und dort gespeichert. Sie k\u00f6nnen die Speicherung der Cookies durch eine entsprechende Einstellung Ihrer Browser-Software verhindern; wir weisen Sie jedoch darauf hin, dass Sie in diesem Fall gegebenenfalls nicht s\u00e4mtliche Funktionen dieser Website vollumf\u00e4nglich werden nutzen k\u00f6nnen. Sie k\u00f6nnen dar\u00fcber hinaus die Erfassung der durch das Cookie erzeugten und auf Ihre Nutzung der Website bezogenen Daten (inkl. Ihrer IP-Adresse) an Google sowie die Verarbeitung dieser Daten durch Google verhindern, indem sie das unter dem folgenden Link verf\u00fcgbare Browser-Plugin herunterladen und installieren: <a href=\"https:\/\/www.swissanwalt.ch\/de\/gaoptout.aspx\" target=\"_blank\" rel=\"noopener\">Google Analytics deaktivieren<\/a>.<\/p> <p>Ausserdem k\u00f6nnen Sie die Nutzung von Google Analytics auch verhindern, indem sie auf diesen Link klicken: <a href=\"https:\/\/tools.google.com\/dlpage\/gaoptout?hl=de\" target=\"_blank\" rel=\"noopener\">Google Analytics deaktivieren<\/a>. Hierdurch wird ein sog. opt-out Cookie auf ihrem Datentr\u00e4ger gespeichert, der die Verarbeitung personenbezogener Daten durch Google Analytics verhindert. Bitte beachten Sie, dass bei einem L\u00f6schen s\u00e4mtlicher Cookies auf Ihrem Endger\u00e4t auch diese Opt-out-Cookies gel\u00f6scht werden, d.h., dass Sie erneut die Opt-out-Cookies setzen m\u00fcssen, wenn Sie weiterhin diese Form der Datenerhebung verhindern wollen. Die Opt-out-Cookies sind pro Browser und Rechner\/Endger\u00e4t gesetzt und m\u00fcssen daher f\u00fcr jeden Browser, Rechner oder anderes Endger\u00e4t gesondert aktiviert werden.<\/p><p>&nbsp;<\/p><h2>Datenschutzerkl&auml;rung f\u00fcr die Nutzung von Google Web Fonts<\/h2><p>Diese Website nutzt zur einheitlichen Darstellung von Schriftarten so genannte Web Fonts, die von Google bereitgestellt werden. Beim Aufruf einer Seite l&auml;dt Ihr Browser die ben&ouml;tigten Web Fonts in ihren Browsercache, um Texte und Schriftarten korrekt anzuzeigen. Wenn Ihr Browser Web Fonts nicht unterst&uuml;tzt, wird eine Standardschrift von Ihrem Computer genutzt.<\/p><p>Weitere Informationen zu Google Web Fonts finden Sie unter <a href=\"https:\/\/developers.google.com\/fonts\/faq\" target=\"_blank\" style=\"color: inherit;\">https:\/\/developers.google.com\/fonts\/faq<\/a> und in der Datenschutzerkl&auml;rung von Google: <a href=\"https:\/\/www.google.com\/policies\/privacy\/\" target=\"_blank\" style=\"color: inherit;\">https:\/\/www.google.com\/policies\/privacy\/<\/a><\/p><p>&nbsp;<\/p><h2>Google Tag Manager<\/h2> <p>Google Tag Manager ist eine L&ouml;sung, mit der wir sog. Website-Tags &uuml;ber eine Oberfl&auml;che verwalten k&ouml;nnen und so z.B. Google Analytics sowie andere Google-Marketing-Dienste in unser Onlineangebot einbinden k\u00f6nnen. Der Tag Manager selbst, welcher die Tags implementiert, verarbeitet keine personenbezogenen Daten der Nutzer. Im Hinblick auf die Verarbeitung der personenbezogenen Daten der Nutzer wird auf die folgenden Angaben zu den Google-Diensten verwiesen. Nutzungsrichtlinien: <a href=\"https:\/\/www.google.com\/intl\/de\/tagmanager\/use-policy.html\" target=\"_blank\" rel=\"noopener\">https:\/\/www.google.com\/intl\/de\/tagmanager\/use-policy.html<\/a>.<\/p><p>&nbsp;<\/p><h2>Datenschutzerkl&auml;rung f&uuml;r Facebook<\/h2><p>Diese Website verwendet Funktionen von Facebook Inc., 1601 S. California Ave, Palo Alto, CA 94304, USA . Bei Aufruf unserer Seiten mit Facebook-Plug-Ins wird eine Verbindung zwischen Ihrem Browser und den Servern von Facebook aufgebaut. Dabei werden bereits Daten an Facebook &uuml;bertragen. Besitzen Sie einen Facebook-Account, k&ouml;nnen diese Daten damit verkn&uuml;pft werden. Wenn Sie keine Zuordnung dieser Daten zu Ihrem Facebook-Account w&uuml;nschen, loggen Sie sich bitte vor dem Besuch unserer Seite bei Facebook aus. Interaktionen, insbesondere das Nutzen einer Kommentarfunktion oder das Anklicken eines \u201eLike\u201c- oder \u201eTeilen\u201c-Buttons werden ebenfalls an Facebook weitergegeben. Mehr erfahren Sie unter <a href=\"https:\/\/de-de.facebook.com\/about\/privacy\" target=\"_blank\" style=\"color: inherit;\">https:\/\/de-de.facebook.com\/about\/privacy<\/a>.<\/p><p>&nbsp;<\/p><h2>Externe Zahlungsdienstleister<\/h2> <p>Diese Website setzt externe Zahlungsdienstleister ein, &uuml;ber deren Plattformen die Nutzer und wir Zahlungstransaktionen vornehmen k&ouml;nnen. Zum Beispiel &uuml;ber<\/p><ul><li>PostFinance (https:\/\/www.postfinance.ch\/de\/detail\/rechtliches-barrierefreiheit.html)<\/li><li>Visa (https:\/\/www.visa.de\/nutzungsbedingungen\/visa-privacy-center.html)<\/li><li>Mastercard (https:\/\/www.mastercard.ch\/de-ch\/datenschutz.html)<\/li><li>American Express (https:\/\/www.americanexpress.com\/de\/legal\/online-datenschutzerklarung.html)<\/li><li>Paypal (https:\/\/www.paypal.com\/de\/webapps\/mpp\/ua\/privacy-full)<\/li><li>Bexio AG (https:\/\/www.bexio.com\/de-CH\/datenschutz)<\/li><li>Payrexx AG (https:\/\/www.payrexx.ch\/site\/assets\/files\/2592\/datenschutzerklaerung.pdf)<\/li><li>Apple Pay (https:\/\/support.apple.com\/de-ch\/ht203027)<\/li><li>Stripe (https:\/\/stripe.com\/ch\/privacy)<\/li><li>Klarna (https:\/\/www.klarna.com\/de\/datenschutz\/)<\/li><li>Skrill (https:\/\/www.skrill.com\/de\/fusszeile\/datenschutzrichtlinie\/)<\/li><li>Giropay (https:\/\/www.giropay.de\/rechtliches\/datenschutzerklaerung) etc.<\/li><\/ul> <p>Im Rahmen der Erf&uuml;llung von Vertr&auml;gen setzen wir die Zahlungsdienstleister auf Grundlage der schweizerischen Datenschutzverordnung sowie und soweit n&ouml;tig, des Art. 6 Abs. 1 lit. b. EU-DSGVO ein. Im &Uuml;brigen setzen wir externe Zahlungsdienstleister auf Grundlage unserer berechtigten Interessen gem. schweizerischer Datenschutzverordnung sowie und soweit n&ouml;tig, gem. Art. 6 Abs. 1 lit. f. EU-DSGVO ein, um unseren Nutzern effektive und sichere Zahlungsm&ouml;glichkeit zu bieten.<\/p> <p>Zu den durch die Zahlungsdienstleister verarbeiteten Daten geh&ouml;ren Bestandsdaten, wie z.B. der Name und die Adresse, Bankdaten, wie u.a. Kontonummern oder Kreditkartennummern, Passw&ouml;rter, TANs und Pr&uuml;fsummen sowie die Vertrags-, Summen und empf&auml;ngerbezogenen Angaben. Die Angaben sind erforderlich, um die Transaktionen durchzuf&uuml;hren. Die eingegebenen Daten werden jedoch nur durch die Zahlungsdienstleister verarbeitet und bei diesen gespeichert. Wir als Betreiber erhalten keinerlei Informationen zu (Bank-) Konto oder Kreditkarte, sondern lediglich Informationen zur Best&auml;tigung (Annahme) oder Ablehnung der Zahlung. Unter Umst&auml;nden werden die Daten seitens der Zahlungsdienstleister an Wirtschaftsauskunfteien &uuml;bermittelt. Diese &Uuml;bermittlung bezweckt die Identit&auml;ts- und Bonit&auml;tspr&uuml;fung. Hierzu verweisen wir auf die AGB und Datenschutzhinweise der Zahlungsdienstleister.<\/p> <p>F&uuml;r die Zahlungsgesch&auml;fte gelten die Gesch&auml;ftsbedingungen und die Datenschutzhinweise der jeweiligen Zahlungsdienstleister, welche innerhalb der jeweiligen Website, bzw. Transaktionsapplikationen abrufbar sind. Wir verweisen auf diese ebenfalls zwecks weiterer Informationen und Geltendmachung von Widerrufs-, Auskunfts- und anderen Betroffenenrechten.<\/p><p>&nbsp;<\/p><h2>&Auml;nderungen<\/h2><p>Wir k&ouml;nnen diese Datenschutzerkl&auml;rung jederzeit ohne Vorank&uuml;ndigung anpassen. Es gilt die jeweils aktuelle, auf unserer Website publizierte Fassung. Soweit die Datenschutzerkl&auml;rung Teil einer Vereinbarung mit Ihnen ist, werden wir Sie im Falle einer Aktualisierung \u00fcber die &Auml;nderung per E-Mail oder auf andere geeignete Weise informieren.<\/p><p>&nbsp;<\/p><h2>Fragen an den Datenschutzbeauftragten<\/h2> <p>Wenn Sie Fragen zum Datenschutz haben, schreiben Sie uns bitte eine E-Mail oder wenden Sie sich direkt an die f&uuml;r den Datenschutz zu Beginn der Datenschutzerkl&auml;rung aufgef&uuml;hrten, verantwortlichen Person in unserer Organisation.<\/p><p>&nbsp;<\/p><p>Winterthur, 03.10.2021<!--ACHTUNG: Wenn Sie die Quelle ohne Erlaubnis von SwissAnwalt entfernen, dann begehen Sie eine Urheberrechtsverletzung welche in jedem Fall unter Kostenfolge geahndet wird.--><br\/>Quelle: <a href=\"https:\/\/www.swissanwalt.ch\" target=\"_blank\" rel=\"noopener\">SwissAnwalt<\/a><\/p><!--Bitte beachten Sie die AGB von SwissAnwalt betreffend allf\u00e4llig anfallenden Kosten bei Weglassen der Quelle!-->\r\n\t\t\t\t<\/div>\n\t\t\t\t<\/div>\n\t\t\t\t\t<\/div>\n\t\t<\/div>\n\t\t\t\t\t<\/div>\n\t\t<\/section>\n\t\t\t\t<\/div>\n\t\t","protected":false},"excerpt":{"rendered":"<p>Datenschutzbestimmungen Verantwortliche Stelle im Sinne der Datenschutzgesetze, insbesondere der EU-Datenschutzgrundverordnung (DSGVO), ist: Klimaallianz 2040Philippe WeberEmil-Krebs-Gasse, 108400 Winterthur Telefon: 0794260600E-Mail: kontakt@klimaallianz2040.chWebSite: https:\/\/www.klimaallianz2040.ch\/ &nbsp; Allgemeiner Hinweis Gest&uuml;tzt [&hellip;]<\/p>\n","protected":false},"author":1,"featured_media":0,"parent":0,"menu_order":0,"comment_status":"closed","ping_status":"closed","template":"","meta":{"footnotes":""},"class_list":["post-582","page","type-page","status-publish","hentry"],"_links":{"self":[{"href":"https:\/\/klimaallianz2040.ch\/index.php?rest_route=\/wp\/v2\/pages\/582","targetHints":{"allow":["GET"]}}],"collection":[{"href":"https:\/\/klimaallianz2040.ch\/index.php?rest_route=\/wp\/v2\/pages"}],"about":[{"href":"https:\/\/klimaallianz2040.ch\/index.php?rest_route=\/wp\/v2\/types\/page"}],"author":[{"embeddable":true,"href":"https:\/\/klimaallianz2040.ch\/index.php?rest_route=\/wp\/v2\/users\/1"}],"replies":[{"embeddable":true,"href":"https:\/\/klimaallianz2040.ch\/index.php?rest_route=%2Fwp%2Fv2%2Fcomments&post=582"}],"version-history":[{"count":4,"href":"https:\/\/klimaallianz2040.ch\/index.php?rest_route=\/wp\/v2\/pages\/582\/revisions"}],"predecessor-version":[{"id":586,"href":"https:\/\/klimaallianz2040.ch\/index.php?rest_route=\/wp\/v2\/pages\/582\/revisions\/586"}],"wp:attachment":[{"href":"https:\/\/klimaallianz2040.ch\/index.php?rest_route=%2Fwp%2Fv2%2Fmedia&parent=582"}],"curies":[{"name":"wp","href":"https:\/\/api.w.org\/{rel}","templated":true}]}}